{"id":369,"date":"2015-10-02T19:38:02","date_gmt":"2015-10-02T19:38:02","guid":{"rendered":"http:\/\/muszik.kisswebs.com\/?page_id=369"},"modified":"2015-10-14T17:01:28","modified_gmt":"2015-10-14T17:01:28","slug":"ajandekutalvany","status":"publish","type":"page","link":"https:\/\/www.muzsik.hu\/index.php\/ajandekutalvany\/","title":{"rendered":"Aj\u00e1nd\u00e9kutalv\u00e1ny"},"content":{"rendered":"<p class=\"p1\"><span class=\"s1\"><a href=\"http:\/\/www.muzsik.hu\/wp-content\/uploads\/2015\/09\/ajandek-uj-fb.jpg\"><img loading=\"lazy\" class=\"wp-image-242 aligncenter\" src=\"http:\/\/www.muzsik.hu\/wp-content\/uploads\/2015\/09\/ajandek-uj-fb.jpg\" alt=\"ajandek uj fb\" width=\"528\" height=\"252\" srcset=\"https:\/\/www.muzsik.hu\/wp-content\/uploads\/2015\/09\/ajandek-uj-fb.jpg 891w, https:\/\/www.muzsik.hu\/wp-content\/uploads\/2015\/09\/ajandek-uj-fb-300x143.jpg 300w\" sizes=\"(max-width: 528px) 100vw, 528px\" \/><\/a>\u00a0<\/span><\/p>\n<p class=\"p1\" style=\"text-align: center;\"><span class=\"s2\">Tan\u00e1cstalan vagy, hogy Feles\u00e9gednek, Bar\u00e1tn\u0151dnek, Anyuk\u00e1dnak, Tes\u00f3dnak, L\u00e1nyodn<\/span><span class=\"s3\">ak mit aj\u00e1nd\u00e9kozz\u00e1l sz\u00fclinapj\u00e1ra vagy b\u00e1rmilyen \u00fcnnepi esem\u00e9nyre? Akkor itt egy remek tipp: Lepd meg \u0150t egy a Szalonunkba\u00a0sz\u00f3l\u00f3\u00a0Sz\u00e9p\u00edt\u0151 Aj\u00e1nd\u00e9kutalv\u00e1nnyal,ennek biztosan \u00f6r\u00fclni fog!<\/span><\/p>\n","protected":false},"excerpt":{"rendered":"<p>\u00a0 Tan\u00e1cstalan vagy, hogy Feles\u00e9gednek, Bar\u00e1tn\u0151dnek, Anyuk\u00e1dnak, Tes\u00f3dnak, L\u00e1nyodnak mit aj\u00e1nd\u00e9kozz\u00e1l sz\u00fclinapj\u00e1ra vagy b\u00e1rmilyen \u00fcnnepi esem\u00e9nyre? Akkor itt egy remek tipp: Lepd meg \u0150t egy a Szalonunkba\u00a0sz\u00f3l\u00f3\u00a0Sz\u00e9p\u00edt\u0151 Aj\u00e1nd\u00e9kutalv\u00e1nnyal,ennek biztosan \u00f6r\u00fclni [&hellip;]<\/p>\n","protected":false},"author":1,"featured_media":0,"parent":0,"menu_order":0,"comment_status":"closed","ping_status":"closed","template":"","meta":[],"_links":{"self":[{"href":"https:\/\/www.muzsik.hu\/index.php\/wp-json\/wp\/v2\/pages\/369"}],"collection":[{"href":"https:\/\/www.muzsik.hu\/index.php\/wp-json\/wp\/v2\/pages"}],"about":[{"href":"https:\/\/www.muzsik.hu\/index.php\/wp-json\/wp\/v2\/types\/page"}],"author":[{"embeddable":true,"href":"https:\/\/www.muzsik.hu\/index.php\/wp-json\/wp\/v2\/users\/1"}],"replies":[{"embeddable":true,"href":"https:\/\/www.muzsik.hu\/index.php\/wp-json\/wp\/v2\/comments?post=369"}],"version-history":[{"count":3,"href":"https:\/\/www.muzsik.hu\/index.php\/wp-json\/wp\/v2\/pages\/369\/revisions"}],"predecessor-version":[{"id":467,"href":"https:\/\/www.muzsik.hu\/index.php\/wp-json\/wp\/v2\/pages\/369\/revisions\/467"}],"wp:attachment":[{"href":"https:\/\/www.muzsik.hu\/index.php\/wp-json\/wp\/v2\/media?parent=369"}],"curies":[{"name":"wp","href":"https:\/\/api.w.org\/{rel}","templated":true}]}}