{"id":2157,"date":"2024-09-18T12:29:55","date_gmt":"2024-09-18T10:29:55","guid":{"rendered":"https:\/\/www.muzsik.hu\/?page_id=2157"},"modified":"2024-09-18T12:33:16","modified_gmt":"2024-09-18T10:33:16","slug":"gudenus-klaudia","status":"publish","type":"page","link":"https:\/\/www.muzsik.hu\/index.php\/gudenus-klaudia\/","title":{"rendered":"Gudenus Klaudia"},"content":{"rendered":"<div class=\"wpb-content-wrapper\"><p>[vc_row][vc_column][vc_column_text css=&#8221;&#8221;]<img loading=\"lazy\" class=\"aligncenter wp-image-2158\" src=\"https:\/\/www.muzsik.hu\/wp-content\/uploads\/2024\/09\/IMG_1235.jpeg\" alt=\"\" width=\"373\" height=\"484\" \/><\/p>\n<p>Gudenus Klaudia vagyok, gyermekkorom \u00f3ta tudtam, hogy a fodr\u00e1szat a hivat\u00e1som. \u00d6t \u00e9vvel ezel\u0151tt val\u00f3ra v\u00e1lt az \u00e1lmom, \u00e9s az\u00f3ta is szenved\u00e9llyel dolgozom azon, hogy vend\u00e9geim el\u00e9gedetten \u00e9s meg\u00fajulva t\u00e1vozzanak. Most Edina \u00e9s Tibor mellett tov\u00e1bb b\u0151v\u00edthetem szakmai tud\u00e1somat, hogy m\u00e9g magasabb szintre emeljem szolg\u00e1ltat\u00e1saimat. Sok szeretettel v\u00e1rok mindenkit, aki sz\u00e9p\u00fclni \u00e9s meg\u00fajulni szeretne![\/vc_column_text][\/vc_column][\/vc_row]<\/p>\n<\/div>","protected":false},"excerpt":{"rendered":"<p>[vc_row][vc_column][vc_column_text css=&#8221;&#8221;] Gudenus Klaudia vagyok, gyermekkorom \u00f3ta tudtam, hogy a fodr\u00e1szat a hivat\u00e1som. \u00d6t \u00e9vvel ezel\u0151tt val\u00f3ra v\u00e1lt az \u00e1lmom, \u00e9s az\u00f3ta is szenved\u00e9llyel dolgozom azon, hogy vend\u00e9geim el\u00e9gedetten \u00e9s [&hellip;]<\/p>\n","protected":false},"author":1,"featured_media":0,"parent":0,"menu_order":0,"comment_status":"closed","ping_status":"closed","template":"","meta":[],"_links":{"self":[{"href":"https:\/\/www.muzsik.hu\/index.php\/wp-json\/wp\/v2\/pages\/2157"}],"collection":[{"href":"https:\/\/www.muzsik.hu\/index.php\/wp-json\/wp\/v2\/pages"}],"about":[{"href":"https:\/\/www.muzsik.hu\/index.php\/wp-json\/wp\/v2\/types\/page"}],"author":[{"embeddable":true,"href":"https:\/\/www.muzsik.hu\/index.php\/wp-json\/wp\/v2\/users\/1"}],"replies":[{"embeddable":true,"href":"https:\/\/www.muzsik.hu\/index.php\/wp-json\/wp\/v2\/comments?post=2157"}],"version-history":[{"count":3,"href":"https:\/\/www.muzsik.hu\/index.php\/wp-json\/wp\/v2\/pages\/2157\/revisions"}],"predecessor-version":[{"id":2161,"href":"https:\/\/www.muzsik.hu\/index.php\/wp-json\/wp\/v2\/pages\/2157\/revisions\/2161"}],"wp:attachment":[{"href":"https:\/\/www.muzsik.hu\/index.php\/wp-json\/wp\/v2\/media?parent=2157"}],"curies":[{"name":"wp","href":"https:\/\/api.w.org\/{rel}","templated":true}]}}