{"id":2,"date":"2015-09-12T11:59:05","date_gmt":"2015-09-12T11:59:05","guid":{"rendered":"http:\/\/muszik.kisswebs.com\/?page_id=2"},"modified":"2026-05-08T12:19:43","modified_gmt":"2026-05-08T10:19:43","slug":"sample-page","status":"publish","type":"page","link":"https:\/\/www.muzsik.hu\/","title":{"rendered":"Kezd\u0151lap"},"content":{"rendered":"<div class=\"wpb-content-wrapper\"><p>[vc_row][vc_column][vc_column_text css=&#8221;.vc_custom_1778235580921{margin-top: 20px !important;border-color: #dd3333 !important;}&#8221;]<\/p>\n<h2 style=\"text-align: center;\"><strong>Id\u0151pont foglal\u00e1s<\/strong><\/h2>\n<p style=\"text-align: center;\">Muzsik Tibor szabads\u00e1ga<\/p>\n<p style=\"text-align: center;\">J\u00fanius 28-t\u00f3l j\u00falius 5-ig.<\/p>\n<p style=\"text-align: center;\">FIZET\u00c9S CSAK K\u00c9SZP\u00c9NZZEL LEHETS\u00c9GES.<\/p>\n<p style=\"text-align: center;\">Az EGYETEMI K\u00d6Z\u00d6SS\u00c9GI K\u00c1RTYA Gudenus Klaudi\u00e1n\u00e1l \u00e9s Bar\u00e1th Tam\u00e1sn\u00e1l haszn\u00e1lhat\u00f3!<\/p>\n<p>[\/vc_column_text][vc_column_text]\n<!-- iframe plugin v.6.0 wordpress.org\/plugins\/iframe\/ -->\n<iframe src=\"https:\/\/muzsik.foglaljitt.hu\/frontend\/index.php\" width=\"100%\" 0 1 2=\"class=&quot;webkit-html-attribute-value&quot;&gt;no&lt;\/span&gt;&quot;\" height=\"400\" scrolling=\"yes\" class=\"iframe-class\" frameborder=\"0\"><\/iframe>\n[\/vc_column_text][\/vc_column][\/vc_row][vc_row full_width=&#8221;stretch_row&#8221; row_fullwidth=&#8221;1&#8243; row_vertical_center=&#8221;1&#8243; row_zero_column_space=&#8221;1&#8243; bg_parallax=&#8221;off&#8221; bg_slider=&#8221;off&#8221; bg_slider_size=&#8221;full&#8221;][vc_column width=&#8221;1\/3&#8243;]<a href=\"index.php\/2021\/01\/05\/premium-csomag-tiborral\/\" target=\"_self\" class=\"ozy-fancyimagebox\" id=\"fancybox-9849\">\n<img src=\"https:\/\/www.muzsik.hu\/wp-content\/uploads\/2025\/03\/IMG_4561.jpeg\" alt=\"Pr\u00e9mium csomag Tiborral\"\/><section><h2 style=\"display:none\">Pr\u00e9mium csomag Tiborral<\/h2><section><span class=\"tag\">Tov\u00e1bb<\/span><h2>Pr\u00e9mium csomag Tiborral<\/h2><\/section><\/section>\n<\/a><a href=\"index.php\/arak\/\" target=\"_self\" class=\"ozy-fancyimagebox\" id=\"fancybox-8654\">\n<img src=\"https:\/\/www.muzsik.hu\/wp-content\/uploads\/2025\/03\/IMG_4614.jpg\" alt=\"\u00c1raink\"\/><section><h2 style=\"display:none\">\u00c1raink<\/h2><section><span class=\"tag\">Tov\u00e1bb<\/span><h2>\u00c1raink<\/h2><\/section><\/section>\n<\/a>[\/vc_column][vc_column width=&#8221;1\/3&#8243;]<a href=\"\/index.php\/bemutatkozas\/\" target=\"_self\" class=\"ozy-fancyimagebox\" id=\"fancybox-7668\">\n<img src=\"https:\/\/www.muzsik.hu\/wp-content\/uploads\/2018\/02\/171111-193549_040A5618_LR01_2000x_F01.jpg\" alt=\"R\u00f3lunk\"\/><section><h2 style=\"display:none\">R\u00f3lunk<\/h2><section><span class=\"tag\">Tov\u00e1bb<\/span><h2>R\u00f3lunk<\/h2><\/section><\/section>\n<\/a><a href=\"\/index.php\/szalonunk\/\" target=\"_self\" class=\"ozy-fancyimagebox\" id=\"fancybox-1556\">\n<img src=\"https:\/\/www.muzsik.hu\/wp-content\/uploads\/2025\/11\/Muzsik-Fodraszat-Fb-meret-1-1.jpg\" alt=\"Fodr\u00e1szatunk\"\/><section><h2 style=\"display:none\">Fodr\u00e1szatunk<\/h2><section><span class=\"tag\">Tov\u00e1bb<\/span><h2>Fodr\u00e1szatunk<\/h2><\/section><\/section>\n<\/a>[\/vc_column][vc_column width=&#8221;1\/3&#8243;]<a href=\"\/index.php\/gudenus-klaudia\/\" target=\"_self\" class=\"ozy-fancyimagebox\" id=\"fancybox-727\">\n<img src=\"https:\/\/www.muzsik.hu\/wp-content\/uploads\/2025\/03\/IMG_4513-e1741723461780.jpeg\" alt=\"Gudenus Klaudia\"\/><section><h2 style=\"display:none\">Gudenus Klaudia<\/h2><section><span class=\"tag\">Tov\u00e1bb<\/span><h2>Gudenus Klaudia<\/h2><\/section><\/section>\n<\/a><a href=\"\/index.php\/barath-tamas\/\" target=\"_self\" class=\"ozy-fancyimagebox\" id=\"fancybox-8906\">\n<img src=\"https:\/\/www.muzsik.hu\/wp-content\/uploads\/2025\/03\/IMG_4513-e1741723461780.jpeg\" alt=\"Bar\u00e1th Tam\u00e1s\"\/><section><h2 style=\"display:none\">Bar\u00e1th Tam\u00e1s<\/h2><section><span class=\"tag\">Tov\u00e1bb<\/span><h2>Bar\u00e1th Tam\u00e1s<\/h2><\/section><\/section>\n<\/a>[\/vc_column][\/vc_row][vc_row bg_parallax=&#8221;off&#8221; bg_slider=&#8221;off&#8221; bg_slider_size=&#8221;full&#8221;][vc_column][vc_text_separator title=&#8221;Blog&#8221;][\/vc_column][\/vc_row][vc_row bg_parallax=&#8221;off&#8221; bg_slider=&#8221;off&#8221; bg_slider_size=&#8221;full&#8221;][vc_column][vc_basic_grid post_type=&#8221;post&#8221; max_items=&#8221;4&#8243; element_width=&#8221;3&#8243; item=&#8221;masonryGrid_SlideFromLeft&#8221; grid_id=&#8221;vc_gid:1778235246623-a6503496-63ae-10&#8243;][\/vc_column][\/vc_row][vc_row][vc_column][vc_separator][\/vc_column][\/vc_row]<\/p>\n<\/div>","protected":false},"excerpt":{"rendered":"<p>[vc_row][vc_column][vc_column_text css=&#8221;.vc_custom_1778235580921{margin-top: 20px !important;border-color: #dd3333 !important;}&#8221;] Id\u0151pont foglal\u00e1s Muzsik Tibor szabads\u00e1ga J\u00fanius 28-t\u00f3l j\u00falius 5-ig. FIZET\u00c9S CSAK K\u00c9SZP\u00c9NZZEL LEHETS\u00c9GES. Az EGYETEMI K\u00d6Z\u00d6SS\u00c9GI K\u00c1RTYA Gudenus Klaudi\u00e1n\u00e1l \u00e9s Bar\u00e1th Tam\u00e1sn\u00e1l haszn\u00e1lhat\u00f3! [\/vc_column_text][vc_column_text][\/vc_column_text][\/vc_column][\/vc_row][vc_row [&hellip;]<\/p>\n","protected":false},"author":1,"featured_media":0,"parent":0,"menu_order":0,"comment_status":"open","ping_status":"closed","template":"","meta":[],"_links":{"self":[{"href":"https:\/\/www.muzsik.hu\/index.php\/wp-json\/wp\/v2\/pages\/2"}],"collection":[{"href":"https:\/\/www.muzsik.hu\/index.php\/wp-json\/wp\/v2\/pages"}],"about":[{"href":"https:\/\/www.muzsik.hu\/index.php\/wp-json\/wp\/v2\/types\/page"}],"author":[{"embeddable":true,"href":"https:\/\/www.muzsik.hu\/index.php\/wp-json\/wp\/v2\/users\/1"}],"replies":[{"embeddable":true,"href":"https:\/\/www.muzsik.hu\/index.php\/wp-json\/wp\/v2\/comments?post=2"}],"version-history":[{"count":702,"href":"https:\/\/www.muzsik.hu\/index.php\/wp-json\/wp\/v2\/pages\/2\/revisions"}],"predecessor-version":[{"id":2320,"href":"https:\/\/www.muzsik.hu\/index.php\/wp-json\/wp\/v2\/pages\/2\/revisions\/2320"}],"wp:attachment":[{"href":"https:\/\/www.muzsik.hu\/index.php\/wp-json\/wp\/v2\/media?parent=2"}],"curies":[{"name":"wp","href":"https:\/\/api.w.org\/{rel}","templated":true}]}}