{"id":1281,"date":"2021-11-01T09:16:14","date_gmt":"2021-11-01T08:16:14","guid":{"rendered":"https:\/\/www.muzsik.hu\/?page_id=1281"},"modified":"2021-11-16T08:42:03","modified_gmt":"2021-11-16T07:42:03","slug":"barath-tamas","status":"publish","type":"page","link":"https:\/\/www.muzsik.hu\/index.php\/barath-tamas\/","title":{"rendered":"Bar\u00e1th Tam\u00e1s"},"content":{"rendered":"<div class=\"wpb-content-wrapper\"><p>[vc_row][vc_column width=&#8221;1\/4&#8243;]<a href=\"\" target=\"_self\" class=\"ozy-fancyimagebox\" id=\"fancybox-4308\">\n<img src=\"https:\/\/www.muzsik.hu\/wp-content\/uploads\/2021\/11\/received_3110263125961027.jpeg\" alt=\"Bar\u00e1th Tam\u00e1s\"\/><section><h2 style=\"display:none\">Bar\u00e1th Tam\u00e1s<\/h2><section><h2>Bar\u00e1th Tam\u00e1s<\/h2><\/section><\/section>\n<\/a>[\/vc_column][vc_column width=&#8221;3\/4&#8243;][vc_column_text]<\/p>\n<div dir=\"auto\">\n<p>Bar\u00e1th Tam\u00e1s vagyok, 5 \u00e9ve v\u00e9geztem, mint fodr\u00e1sz \u00e9s 1 \u00e9ve a Muzsik fodr\u00e1szat csapat\u00e1nak tagja.<\/p>\n<p>Ebben az \u00fczletben tanultam \u00e9s saj\u00e1t\u00edtottam el a szakma apr\u00f3 fort\u00e9lyait \u00e9s technik\u00e1it. K\u00f6sz\u00f6net Edin\u00e1nak \u00e9s Tibornak f\u00e1radhatatlan \u00e9s kitart\u00f3 tan\u00edt\u00e1s\u00e1nak.<\/p>\n<p>\u00c9rdekl\u0151d\u00e9ssel figyelem a divat \u00e9s az \u00faj technik\u00e1k megjelen\u00e9s\u00e9t, fontos sz\u00e1momra, hogy naprak\u00e9sz legyek az \u00faj\u00edt\u00e1sok ter\u00e9n.<\/p>\n<p>Szeretettel v\u00e1rom megl\u00e9v\u0151 \u00e9s j\u00f6v\u0151beli vend\u00e9geimet!<\/p>\n<\/div>\n<p>[\/vc_column_text][\/vc_column][\/vc_row][vc_row][vc_column][vc_empty_space][\/vc_column][\/vc_row]<\/p>\n<\/div>","protected":false},"excerpt":{"rendered":"<p>[vc_row][vc_column width=&#8221;1\/4&#8243;][\/vc_column][vc_column width=&#8221;3\/4&#8243;][vc_column_text] Bar\u00e1th Tam\u00e1s vagyok, 5 \u00e9ve v\u00e9geztem, mint fodr\u00e1sz \u00e9s 1 \u00e9ve a Muzsik fodr\u00e1szat csapat\u00e1nak tagja. Ebben az \u00fczletben tanultam \u00e9s saj\u00e1t\u00edtottam el a szakma apr\u00f3 fort\u00e9lyait [&hellip;]<\/p>\n","protected":false},"author":1,"featured_media":0,"parent":0,"menu_order":0,"comment_status":"closed","ping_status":"closed","template":"","meta":[],"_links":{"self":[{"href":"https:\/\/www.muzsik.hu\/index.php\/wp-json\/wp\/v2\/pages\/1281"}],"collection":[{"href":"https:\/\/www.muzsik.hu\/index.php\/wp-json\/wp\/v2\/pages"}],"about":[{"href":"https:\/\/www.muzsik.hu\/index.php\/wp-json\/wp\/v2\/types\/page"}],"author":[{"embeddable":true,"href":"https:\/\/www.muzsik.hu\/index.php\/wp-json\/wp\/v2\/users\/1"}],"replies":[{"embeddable":true,"href":"https:\/\/www.muzsik.hu\/index.php\/wp-json\/wp\/v2\/comments?post=1281"}],"version-history":[{"count":11,"href":"https:\/\/www.muzsik.hu\/index.php\/wp-json\/wp\/v2\/pages\/1281\/revisions"}],"predecessor-version":[{"id":1848,"href":"https:\/\/www.muzsik.hu\/index.php\/wp-json\/wp\/v2\/pages\/1281\/revisions\/1848"}],"wp:attachment":[{"href":"https:\/\/www.muzsik.hu\/index.php\/wp-json\/wp\/v2\/media?parent=1281"}],"curies":[{"name":"wp","href":"https:\/\/api.w.org\/{rel}","templated":true}]}}