{"id":1265,"date":"2018-02-14T09:53:08","date_gmt":"2018-02-14T08:53:08","guid":{"rendered":"https:\/\/www.muzsik.hu\/?page_id=1265"},"modified":"2025-03-09T21:57:59","modified_gmt":"2025-03-09T20:57:59","slug":"koromapolas-arai","status":"publish","type":"page","link":"https:\/\/www.muzsik.hu\/index.php\/koromapolas-arai\/","title":{"rendered":"K\u00f6r\u00f6m\u00e1pol\u00e1s \u00c1rai"},"content":{"rendered":"<div class=\"wpb-content-wrapper\"><p>[vc_row bg_parallax=&#8221;off&#8221; bg_slider=&#8221;off&#8221; bg_slider_size=&#8221;full&#8221;][vc_column][vc_empty_space height=&#8221;50px&#8221;][\/vc_column][\/vc_row][vc_row bg_parallax=&#8221;off&#8221; bg_slider=&#8221;off&#8221; bg_slider_size=&#8221;full&#8221;][vc_column]<div class=\"ozy-price-list ozy-border-color\"><h3>\u00c1rak<\/h3><table><tr><th>&nbsp;<\/th><th><\/th><\/tr><tr class=\"\"><td class=\"label\">K\u00c9Z\u00c1POL\u00c1S SZOLG\u00c1LTAT\u00c1SOK<\/td><td class=\"v\"><\/td><\/tr><tr class=\"\"><td class=\"label\">Manik\u0171r + CNDTM SHELLACTM \/ GELISH\u00ae g\u00e9l lakkoz\u00e1s<\/td><td class=\"v\"><\/td><td class=\"v\">9000 Ft<\/td><\/tr><tr class=\"\"><td class=\"label\">+ k\u00f6r\u00f6mer\u0151s\u00edt\u00e9s - CNDTM PLEXIGEL \/ GELISH\u00ae STRUCTURE GEL<\/td><td class=\"v\"><\/td><td class=\"v\">1500 Ft<\/td><\/tr><tr class=\"\"><td class=\"label\">+ d\u00edszit\u00e9s - egyszer\u0171<\/td><td class=\"v\"><\/td><td class=\"v\">+1000 Ft<\/td><\/tr><tr class=\"\"><td class=\"label\">+ d\u00edsz\u00edt\u00e9s - extra<\/td><td class=\"v\"><\/td><td class=\"v\">+1500 Ft<\/td><\/tr><tr class=\"\"><td class=\"label\">+ francia lakkoz\u00e1s<\/td><td class=\"v\"><\/td><td class=\"v\">+2000 Ft<\/td><\/tr><tr class=\"\"><td class=\"label\">+ babyboomer vagy ombre lakkoz\u00e1s<\/td><td class=\"v\"><\/td><td class=\"v\">+2500 Ft<\/td><\/tr><tr class=\"\"><td class=\"label\">+ k\u00f6r\u00f6mkorrekci\u00f3<\/td><td class=\"v\"><\/td><td class=\"v\">+500 Ft-t\u00f3l<\/td><\/tr><tr class=\"\"><td class=\"label\">G\u00e9llakk elt\u00e1vol\u00edt\u00e1s - \u00daj szett n\u00e9lk\u00fcl<\/td><td class=\"v\"><\/td><td class=\"v\">6000 Ft<\/td><\/tr><tr class=\"\"><td class=\"label\">Manik\u0171r - N\u0151i\/F\u00e9rfi<\/td><td class=\"v\"><\/td><td class=\"v\">5000 Ft<\/td><\/tr><tr class=\"\"><td class=\"label\">L\u00c1B\u00c1POL\u00c1S SZOLG\u00c1LTAT\u00c1SOK<\/td><td class=\"v\"><\/td><\/tr><tr class=\"\"><td class=\"label\">Mini pedik\u0171r + G\u00e9llakk<\/td><td class=\"v\"><\/td><td class=\"v\">9000 Ft<\/td><\/tr><tr class=\"\"><td class=\"label\">Eszt\u00e9tikai pedik\u0171r + G\u00e9llakk<\/td><td class=\"v\"><\/td><td class=\"v\">10 500 Ft<\/td><\/tr><tr class=\"\"><td class=\"label\">+ francia lakkoz\u00e1s vagy egy\u00e9b d\u00edsz\u00edt\u00e9s l\u00e1bra<\/td><td class=\"v\"><\/td><td class=\"v\">+2000 Ft<\/td><\/tr><tr class=\"\"><td class=\"label\">G\u00e9llakk elt\u00e1vol\u00edt\u00e1s - \u00daj szett n\u00e9lk\u00fcl - Mini pedik\u0171rrel<\/td><td class=\"v\"><\/td><td class=\"v\">7000 Ft<\/td><\/tr><tr class=\"\"><td class=\"label\">G\u00e9llakk elt\u00e1vol\u00edt\u00e1s - \u00daj szett n\u00e9lk\u00fcl - Eszt\u00e9tikai pedik\u0171rrel<\/td><td class=\"v\"><\/td><td class=\"v\">9000 Ft<\/td><\/tr><tr class=\"\"><td class=\"label\">VIP CSOMAGOK<\/td><td class=\"v\"><\/td><\/tr><tr class=\"\"><td class=\"label\">K\u00e9z + L\u00e1b - CNDTM SHELLACTM \/ GELISH\u00ae g\u00e9l lakkoz\u00e1s - Mini pedik\u0171rrel<\/td><td class=\"v\"><\/td><td class=\"v\">17 000 Ft<\/td><\/tr><tr class=\"\"><td class=\"label\">K\u00e9z + L\u00e1b - CNDTM SHELLACTM \/ GELISH\u00ae g\u00e9l lakkoz\u00e1s - Eszt\u00e9tikai pedik\u0171rrel<\/td><td class=\"v\"><\/td><td class=\"v\">19 000 Ft<\/td><\/tr><tr class=\"\"><td class=\"label\">K\u00e9z + L\u00e1b - CNDTM SHELLACTM \/ GELISH\u00ae g\u00e9l lakkoz\u00e1s + K\u00f6r\u00f6mer\u0151s\u00edt\u00e9s - Mini pedik\u0171rrel<\/td><td class=\"v\"><\/td><td class=\"v\">18 500 Ft<\/td><\/tr><tr class=\"\"><td class=\"label\">K\u00e9z + L\u00e1b - CNDTM SHELLACTM \/ GELISH\u00ae g\u00e9l lakkoz\u00e1s + K\u00f6r\u00f6mer\u0151s\u00edt\u00e9s - Eszt\u00e9tikai pedik\u0171rrel<\/td><td class=\"v\"><\/td><td class=\"v\">20 000 Ft<\/td><\/tr><\/table><\/div>[\/vc_column][\/vc_row][vc_row bg_parallax=&#8221;off&#8221; bg_slider=&#8221;off&#8221; bg_slider_size=&#8221;full&#8221;][vc_column][vc_column_text]<\/p>\n<p style=\"text-align: left;\">B\u0151vebb inform\u00e1ci\u00f3 a szolg\u00e1ltat\u00e1sokr\u00f3l, \u00e9s online id\u0151pontfoglal\u00e1s:<a href=\"http:\/\/www.snailsmanicure.hu\"> www.snailsmanicure.hu<\/a><\/p>\n<p>[\/vc_column_text][\/vc_column][\/vc_row][vc_row bg_parallax=&#8221;off&#8221; bg_slider=&#8221;off&#8221; bg_slider_size=&#8221;full&#8221;][vc_column][vc_column_text]<\/p>\n<p style=\"text-align: right;\"><em>Az \u00e1rak t\u00e1j\u00e9koztat\u00f3 jelleg\u0171ek.<\/em><\/p>\n<p>[\/vc_column_text][\/vc_column][\/vc_row]<\/p>\n<\/div>","protected":false},"excerpt":{"rendered":"<p>[vc_row bg_parallax=&#8221;off&#8221; bg_slider=&#8221;off&#8221; bg_slider_size=&#8221;full&#8221;][vc_column][vc_empty_space height=&#8221;50px&#8221;][\/vc_column][\/vc_row][vc_row bg_parallax=&#8221;off&#8221; bg_slider=&#8221;off&#8221; bg_slider_size=&#8221;full&#8221;][vc_column][\/vc_column][\/vc_row][vc_row bg_parallax=&#8221;off&#8221; bg_slider=&#8221;off&#8221; bg_slider_size=&#8221;full&#8221;][vc_column][vc_column_text] B\u0151vebb inform\u00e1ci\u00f3 a szolg\u00e1ltat\u00e1sokr\u00f3l, \u00e9s online id\u0151pontfoglal\u00e1s: www.snailsmanicure.hu [\/vc_column_text][\/vc_column][\/vc_row][vc_row bg_parallax=&#8221;off&#8221; bg_slider=&#8221;off&#8221; bg_slider_size=&#8221;full&#8221;][vc_column][vc_column_text] Az \u00e1rak t\u00e1j\u00e9koztat\u00f3 jelleg\u0171ek. [\/vc_column_text][\/vc_column][\/vc_row]<\/p>\n","protected":false},"author":1,"featured_media":0,"parent":0,"menu_order":0,"comment_status":"closed","ping_status":"closed","template":"","meta":[],"_links":{"self":[{"href":"https:\/\/www.muzsik.hu\/index.php\/wp-json\/wp\/v2\/pages\/1265"}],"collection":[{"href":"https:\/\/www.muzsik.hu\/index.php\/wp-json\/wp\/v2\/pages"}],"about":[{"href":"https:\/\/www.muzsik.hu\/index.php\/wp-json\/wp\/v2\/types\/page"}],"author":[{"embeddable":true,"href":"https:\/\/www.muzsik.hu\/index.php\/wp-json\/wp\/v2\/users\/1"}],"replies":[{"embeddable":true,"href":"https:\/\/www.muzsik.hu\/index.php\/wp-json\/wp\/v2\/comments?post=1265"}],"version-history":[{"count":33,"href":"https:\/\/www.muzsik.hu\/index.php\/wp-json\/wp\/v2\/pages\/1265\/revisions"}],"predecessor-version":[{"id":2237,"href":"https:\/\/www.muzsik.hu\/index.php\/wp-json\/wp\/v2\/pages\/1265\/revisions\/2237"}],"wp:attachment":[{"href":"https:\/\/www.muzsik.hu\/index.php\/wp-json\/wp\/v2\/media?parent=1265"}],"curies":[{"name":"wp","href":"https:\/\/api.w.org\/{rel}","templated":true}]}}