{"id":1262,"date":"2018-02-14T09:52:04","date_gmt":"2018-02-14T08:52:04","guid":{"rendered":"https:\/\/www.muzsik.hu\/?page_id=1262"},"modified":"2026-01-19T14:18:47","modified_gmt":"2026-01-19T13:18:47","slug":"reni-arai","status":"publish","type":"page","link":"https:\/\/www.muzsik.hu\/index.php\/reni-arai\/","title":{"rendered":"Gudenus Klaudia \u00e9s Bar\u00e1th Tam\u00e1s \u00c1rai"},"content":{"rendered":"<div class=\"wpb-content-wrapper\"><p>[vc_row bg_parallax=&#8221;off&#8221; bg_slider=&#8221;off&#8221; bg_slider_size=&#8221;full&#8221;][vc_column][vc_empty_space height=&#8221;50px&#8221;][\/vc_column][\/vc_row][vc_row bg_parallax=&#8221;off&#8221; bg_slider=&#8221;off&#8221; bg_slider_size=&#8221;full&#8221;][vc_column]<div class=\"ozy-price-list ozy-border-color\"><h3>\u00c1rak<\/h3><table><tr><th>&nbsp;<\/th><th>R\u00f6vid<\/th><th>K\u00f6zepes<\/th><th>Hossz\u00fa<\/th><th>Extra hossz\u00fa<\/th><\/tr><tr class=\"\"><td class=\"label\"><i class=\"oic-flaticon-scissors38\"><\/i>F\u00e9rfi hajv\u00e1g\u00e1s mos\u00e1ssal<\/td><td class=\"v\">6400 Ft<\/td><td class=\"v\">8500 Ft<\/td><td class=\"v\">8500 Ft<\/td><\/tr><tr class=\"\"><td class=\"label\"><i class=\"oic-flaticon-man202\"><\/i>F\u00e9rfi g\u00e9pi v\u00e1g\u00e1s<\/td><td class=\"v\"><\/td><td class=\"v\">5000 Ft<\/td><\/tr><tr class=\"\"><td class=\"label\"><i class=\"oic-flaticon-hair42\"><\/i>Pr\u00e9mium f\u00e9rfi hajv\u00e1g\u00e1s<\/td><td class=\"v\"><\/td><td class=\"v\">7600 Ft<\/td><\/tr><tr class=\"\"><td class=\"label\"><i class=\"oic-flaticon-man202\"><\/i>Gyermek hajv\u00e1g\u00e1s (12 \u00e9ves korig)<\/td><td class=\"v\">6000 Ft<\/td><td class=\"v\">7000 Ft<\/td><td class=\"v\">9000 Ft<\/td><\/tr><tr class=\"\"><td class=\"label\"><i class=\"oic-flaticon-long20\"><\/i>Fest\u00e9s<\/td><td class=\"v\"><\/td><td class=\"v\">14 500 Ft<\/td><\/tr><tr class=\"\"><td class=\"label\"><i class=\"oic-flaticon-long20\"><\/i>Rad\u00edroz\u00e1s (sz\u0151k\u00edt\u00e9s)<\/td><td class=\"v\"><\/td><td class=\"v\">450 Ft\/gramm<\/td><\/tr><tr class=\"\"><td class=\"label\"><i class=\"oic-flaticon-hairstyle\"><\/i>Mel\u00edr \u00e1rnyal\u00e1s 30g-ig<\/td><td class=\"v\"><\/td><td class=\"v\">6000 Ft<\/td><\/tr><tr class=\"\"><td class=\"label\"><i class=\"oic-flaticon-brush13\"><\/i>Fest\u00e9k felvitele (hozott anyag eset\u00e9n)<\/td><td class=\"v\"><\/td><td class=\"v\">6000 Ft<\/td><\/tr><tr class=\"\"><td class=\"label\"><i class=\"oic-flaticon-hair23\"><\/i>Infrav\u00f6r\u00f6s hajkezel\u00e9s lapvassal<\/td><td class=\"v\"><\/td><td class=\"v\">16 000 Ft - 28 000 Ft<\/td><\/tr><tr class=\"\"><td class=\"label\"><i class=\"oic-flaticon-female170\"><\/i>F\u00f3li\u00e1s mel\u00edr<\/td><td class=\"v\">400 Ft\/darab<\/td><td class=\"v\">500 Ft\/darab<\/td><td class=\"v\">600 Ft\/darab<\/td><td class=\"v\">700 Ft\/darab<\/td><\/tr><tr class=\"\"><td class=\"label\"><i class=\"oic-flaticon-female170\"><\/i>Balayage<\/td><td class=\"v\">500 Ft\/darab<\/td><td class=\"v\">600 Ft\/darab<\/td><td class=\"v\">700 Ft\/darab<\/td><td class=\"v\">800 Ft\/darab<\/td><\/tr><tr class=\"\"><td class=\"label\"><i class=\"oic-flaticon-hairstyle\"><\/i>Visszapigment\u00e1l\u00e1s, \u00e1tsz\u00ednez\u00e9s 30g-60g<\/td><td class=\"v\">7000 Ft<\/td><td class=\"v\">8500 Ft<\/td><td class=\"v\">10 000 Ft<\/td><td class=\"v\">12 000 Ft<\/td><\/tr><\/table><\/div>[\/vc_column][\/vc_row][vc_row bg_parallax=&#8221;off&#8221; bg_slider=&#8221;off&#8221; bg_slider_size=&#8221;full&#8221;][vc_column]<div class=\"ozy-price-list ozy-border-color\"><h3>Kalkul\u00e1lt \u00e1rak<\/h3><table><tr><th>&nbsp;<\/th><th>R\u00f6vid<\/th><th>K\u00f6z\u00e9p<\/th><th>Hossz\u00fa<\/th><th>Extra hossz\u00fa<\/th><\/tr><tr class=\"\"><td class=\"label\"><i class=\"oic-flaticon-hairdryer6\"><\/i>N\u0151i hajsz\u00e1r\u00edt\u00e1s<\/td><td class=\"v\">6000 Ft<\/td><td class=\"v\">7000 Ft<\/td><td class=\"v\">8000 Ft<\/td><td class=\"v\">9000 Ft<\/td><\/tr><tr class=\"\"><td class=\"label\"><i class=\"oic-flaticon-woman80\"><\/i>N\u0151i hajv\u00e1g\u00e1s<\/td><td class=\"v\">8500 Ft<\/td><td class=\"v\">9000 Ft<\/td><td class=\"v\">10 000 Ft<\/td><td class=\"v\">11 000 Ft<\/td><\/tr><tr class=\"\"><td class=\"label\"><i class=\"oic-flaticon-hair48\"><\/i>N\u0151i hajv\u00e1g\u00e1s pr\u00e9mium hajpakol\u00e1ssal<\/td><td class=\"v\">10 000 Ft<\/td><td class=\"v\">10 500 Ft<\/td><td class=\"v\">12 000 Ft<\/td><td class=\"v\">13 000 Ft<\/td><\/tr><tr class=\"\"><td class=\"label\"><i class=\"oic-flaticon-hairdresser10\"><\/i>Hajfest\u00e9s sz\u00e1r\u00edt\u00e1ssal<\/td><td class=\"v\">20 500 Ft<\/td><td class=\"v\">21 500 Ft<\/td><td class=\"v\">22 500 Ft<\/td><td class=\"v\">23 500 Ft<\/td><\/tr><tr class=\"\"><td class=\"label\"><i class=\"oic-flaticon-woman80\"><\/i>Hajfest\u00e9s v\u00e1g\u00e1ssal<\/td><td class=\"v\">23 000 Ft<\/td><td class=\"v\">23 500 Ft<\/td><td class=\"v\">24 500 Ft<\/td><td class=\"v\">25 500 Ft<\/td><\/tr><tr class=\"\"><td class=\"label\"><i class=\"oic-outlined-iconset-11\"><\/i>Alkalmi Konty<\/td><td class=\"v\"><\/td><td class=\"v\">10 000 Ft<\/td><\/tr><\/table><\/div>[\/vc_column][\/vc_row][vc_row bg_parallax=&#8221;off&#8221; bg_slider=&#8221;off&#8221; bg_slider_size=&#8221;full&#8221;][vc_column][vc_column_text]<\/p>\n<p style=\"text-align: right;\"><em>Az \u00e1rak t\u00e1j\u00e9koztat\u00f3 jelleg\u0171ek.<\/em><\/p>\n<p>[\/vc_column_text][\/vc_column][\/vc_row]<\/p>\n<\/div>","protected":false},"excerpt":{"rendered":"<p>[vc_row bg_parallax=&#8221;off&#8221; bg_slider=&#8221;off&#8221; bg_slider_size=&#8221;full&#8221;][vc_column][vc_empty_space height=&#8221;50px&#8221;][\/vc_column][\/vc_row][vc_row bg_parallax=&#8221;off&#8221; bg_slider=&#8221;off&#8221; bg_slider_size=&#8221;full&#8221;][vc_column][\/vc_column][\/vc_row][vc_row bg_parallax=&#8221;off&#8221; bg_slider=&#8221;off&#8221; bg_slider_size=&#8221;full&#8221;][vc_column][\/vc_column][\/vc_row][vc_row bg_parallax=&#8221;off&#8221; bg_slider=&#8221;off&#8221; bg_slider_size=&#8221;full&#8221;][vc_column][vc_column_text] Az \u00e1rak t\u00e1j\u00e9koztat\u00f3 jelleg\u0171ek. [\/vc_column_text][\/vc_column][\/vc_row]<\/p>\n","protected":false},"author":1,"featured_media":0,"parent":0,"menu_order":0,"comment_status":"closed","ping_status":"closed","template":"","meta":[],"_links":{"self":[{"href":"https:\/\/www.muzsik.hu\/index.php\/wp-json\/wp\/v2\/pages\/1262"}],"collection":[{"href":"https:\/\/www.muzsik.hu\/index.php\/wp-json\/wp\/v2\/pages"}],"about":[{"href":"https:\/\/www.muzsik.hu\/index.php\/wp-json\/wp\/v2\/types\/page"}],"author":[{"embeddable":true,"href":"https:\/\/www.muzsik.hu\/index.php\/wp-json\/wp\/v2\/users\/1"}],"replies":[{"embeddable":true,"href":"https:\/\/www.muzsik.hu\/index.php\/wp-json\/wp\/v2\/comments?post=1262"}],"version-history":[{"count":35,"href":"https:\/\/www.muzsik.hu\/index.php\/wp-json\/wp\/v2\/pages\/1262\/revisions"}],"predecessor-version":[{"id":2319,"href":"https:\/\/www.muzsik.hu\/index.php\/wp-json\/wp\/v2\/pages\/1262\/revisions\/2319"}],"wp:attachment":[{"href":"https:\/\/www.muzsik.hu\/index.php\/wp-json\/wp\/v2\/media?parent=1262"}],"curies":[{"name":"wp","href":"https:\/\/api.w.org\/{rel}","templated":true}]}}