{"id":12,"date":"2015-09-12T12:25:16","date_gmt":"2015-09-12T12:25:16","guid":{"rendered":"http:\/\/muszik.kisswebs.com\/?page_id=12"},"modified":"2016-07-26T16:29:33","modified_gmt":"2016-07-26T14:29:33","slug":"elerhetoseg","status":"publish","type":"page","link":"https:\/\/www.muzsik.hu\/index.php\/elerhetoseg\/","title":{"rendered":"El\u00e9rhet\u0151s\u00e9g"},"content":{"rendered":"<div class=\"wpb-content-wrapper\"><p>[vc_row][vc_column width=&#8221;1\/2&#8243;][vc_column_text css_animation=&#8221;left-to-right&#8221;]<\/p>\n<p class=\"p1\">C\u00edm\u00fcnk:<\/p>\n<ul>\n<li class=\"p1\"><span class=\"s1\">1034. Bp. B\u00e9csi \u00fat 92.<\/span><\/li>\n<\/ul>\n<p>&nbsp;<\/p>\n<p class=\"p1\"><span class=\"s1\">Megk\u00f6zel\u00edthet\u0151s\u00e9g:<\/span><\/p>\n<ul>\n<li class=\"li2\"><span class=\"s1\"><span class=\"s1\"><mark>\u00a017 <\/mark>\u00a0\u00e9s \u00a0<mark>\u00a019\u00a0<\/mark> villamos <strong>Katinyi m\u00e1rt\u00edrok parkja<\/strong><\/span><\/span><span class=\"s1\">\u00a0meg\u00e1ll\u00f3.<\/span><\/li>\n<li class=\"li3\"><span class=\"s4\"><span class=\"s4\"><mark style=\"background-color: blue; color: white;\">\u00a0109 <\/mark>,<mark style=\"background-color: blue; color: white;\"> 9 <\/mark>,<mark style=\"background-color: blue; color: white;\"> 29 <\/mark>,<mark style=\"background-color: blue; color: white;\"> 111 <\/mark> busz\u00a0<strong>Nagyszombat utcai<\/strong><\/span><\/span><span class=\"s4\"><span class=\"s1\">\u00a0meg\u00e1ll\u00f3.<\/span><\/span><\/li>\n<\/ul>\n<p>&nbsp;<\/p>\n<p>Email:<\/p>\n<ul>\n<li>muzsikfodraszat@gmail.com<\/li>\n<\/ul>\n<p>&nbsp;<\/p>\n<p>Telefonsz\u00e1munk:<\/p>\n<ul>\n<li><span class=\"right_text\">+36 1 367 4860<\/span><\/li>\n<li><span class=\"right_text\">+36 70 365 5319<\/span><\/li>\n<li><span class=\"right_text\">+36 70 522 9898<\/span><\/li>\n<\/ul>\n<p>[\/vc_column_text][\/vc_column][vc_column width=&#8221;1\/2&#8243;][vc_gmaps link=&#8221;https:\/\/maps.google.com\/maps?hl=en&amp;q=muzsik fodraszat&amp;ie=UTF8&amp;t=roadmap&amp;z=16&amp;iwloc=B&amp;output=embed&#8221; size=&#8221;500&#8243;][\/vc_column][\/vc_row]<\/p>\n<\/div>","protected":false},"excerpt":{"rendered":"<p>[vc_row][vc_column width=&#8221;1\/2&#8243;][vc_column_text css_animation=&#8221;left-to-right&#8221;] C\u00edm\u00fcnk: 1034. Bp. B\u00e9csi \u00fat 92. &nbsp; Megk\u00f6zel\u00edthet\u0151s\u00e9g: \u00a017 \u00a0\u00e9s \u00a0\u00a019\u00a0 villamos Katinyi m\u00e1rt\u00edrok parkja\u00a0meg\u00e1ll\u00f3. \u00a0109 , 9 , 29 , 111 busz\u00a0Nagyszombat utcai\u00a0meg\u00e1ll\u00f3. &nbsp; Email: muzsikfodraszat@gmail.com [&hellip;]<\/p>\n","protected":false},"author":1,"featured_media":0,"parent":0,"menu_order":0,"comment_status":"closed","ping_status":"closed","template":"page-fixed-contact.php","meta":[],"_links":{"self":[{"href":"https:\/\/www.muzsik.hu\/index.php\/wp-json\/wp\/v2\/pages\/12"}],"collection":[{"href":"https:\/\/www.muzsik.hu\/index.php\/wp-json\/wp\/v2\/pages"}],"about":[{"href":"https:\/\/www.muzsik.hu\/index.php\/wp-json\/wp\/v2\/types\/page"}],"author":[{"embeddable":true,"href":"https:\/\/www.muzsik.hu\/index.php\/wp-json\/wp\/v2\/users\/1"}],"replies":[{"embeddable":true,"href":"https:\/\/www.muzsik.hu\/index.php\/wp-json\/wp\/v2\/comments?post=12"}],"version-history":[{"count":17,"href":"https:\/\/www.muzsik.hu\/index.php\/wp-json\/wp\/v2\/pages\/12\/revisions"}],"predecessor-version":[{"id":903,"href":"https:\/\/www.muzsik.hu\/index.php\/wp-json\/wp\/v2\/pages\/12\/revisions\/903"}],"wp:attachment":[{"href":"https:\/\/www.muzsik.hu\/index.php\/wp-json\/wp\/v2\/media?parent=12"}],"curies":[{"name":"wp","href":"https:\/\/api.w.org\/{rel}","templated":true}]}}